{"id":11267,"date":"2016-06-13T08:36:18","date_gmt":"2016-06-13T08:36:18","guid":{"rendered":"http:\/\/eco-press.cmsmasters.net\/?page_id=11258"},"modified":"2022-12-10T15:03:12","modified_gmt":"2022-12-10T15:03:12","slug":"blog","status":"publish","type":"page","link":"https:\/\/geografic.alwaysdata.net\/oruconcept\/index.php\/blog\/","title":{"rendered":"Blog"},"content":{"rendered":"<div id=\"cmsmasters_row_5636963f7d\" class=\"cmsmasters_row cmsmasters_color_scheme_default cmsmasters_row_top_default cmsmasters_row_bot_default cmsmasters_row_boxed\">\n<div class=\"cmsmasters_row_outer_parent\">\n<div class=\"cmsmasters_row_outer\">\n<div class=\"cmsmasters_row_inner\">\n<div class=\"cmsmasters_row_margin\">\n<div id=\"cmsmasters_column_\" class=\"cmsmasters_column one_first\">\n<div class=\"cmsmasters_column_inner\"><div id=\"blog_e65cc8c06b\" class=\"cmsmasters_wrap_blog entry-summary\" data-layout=\"standard\" data-layout-mode=\"\" data-url=\"https:\/\/geografic.alwaysdata.net\/oruconcept\/wp-content\/plugins\/cmsmasters-content-composer\/\" data-orderby=\"menu_order\" data-order=\"DESC\" data-count=\"5\" data-categories=\"conseil,landscape-designers,landscaping-project,meilleur-proprietaire,paysagiste,uncategorized\" data-metadata=\"date,more\" data-pagination=\"pagination\"><div class=\"blog standard\"><!-- Start Post Default Article -->\n<article id=\"post-15354\" class=\"cmsmasters_post_default post-15354 post type-post status-publish format-standard has-post-thumbnail hentry category-conseil\">\n\t<div class=\"cmsmasters_post_cont\">\n\t\t<div class=\"cmsmasters_post_img_wrap\"><div class=\"cmsmasters_post_date_wrap entry-meta \"><span class=\"cmsmasters_post_date custom\"><abbr class=\"published\" title=\"mars 14, 2023\"><span class=\"cmsmasters_day\">14<\/span><span class=\"cmsmasters_mon\">Mar<\/span><span class=\"cmsmasters_year\">2023<\/span><\/abbr><abbr class=\"dn date updated\" title=\"mars 16, 2023\">mars 16, 2023<\/abbr><\/span><\/div><figure class=\"cmsmasters_img_wrap\"><a href=\"https:\/\/geografic.alwaysdata.net\/oruconcept\/index.php\/2023\/03\/14\/la-permaculture-cest-quoi\/\" title=\"La permaculture c&rsquo;est quoi ?\" class=\"cmsmasters_img_link\"><img loading=\"lazy\" decoding=\"async\" width=\"294\" height=\"172\" src=\"https:\/\/geografic.alwaysdata.net\/oruconcept\/wp-content\/uploads\/2023\/03\/image-en-avant-perma-1.jpeg\" class=\" wp-post-image\" alt=\"La permaculture c&rsquo;est quoi ?\" title=\"image en avant perma\" \/><\/a><\/figure><\/div><div class=\"cmsmasters_post_content_wrap\"><header class=\"cmsmasters_post_header entry-header\"><h2 class=\"cmsmasters_post_title entry-title\"><a href=\"https:\/\/geografic.alwaysdata.net\/oruconcept\/index.php\/2023\/03\/14\/la-permaculture-cest-quoi\/\">La permaculture c&rsquo;est quoi ?<\/a><\/h2><\/header><div class=\"cmsmasters_post_content entry-content\">\n<p>La permaculture est un terme qui d\u00e9signe bien plus que le simple fait de cultiver un potager, c&rsquo;est avant tout un engagement, une fa\u00e7on de conduire un environnement \u00e0 plus de r\u00e9silience et moins d&rsquo;impact n\u00e9gatif sur la plan\u00e8te. Favoriser la biodiversit\u00e9 sous toutes ses formes, limiter son empreinte carbone, respecter les ressources en eau, voil\u00e0 quelques fondamentaux. La permaculture...<\/p>\n<\/div>\n<footer class=\"cmsmasters_post_footer entry-meta\"><a class=\"cmsmasters_post_read_more\" href=\"https:\/\/geografic.alwaysdata.net\/oruconcept\/index.php\/2023\/03\/14\/la-permaculture-cest-quoi\/\">Lire plus<\/a><\/footer><\/div>\t<\/div>\n<\/article>\n<!-- Finish Post Default Article -->\n\n<!-- Start Post Default Article -->\n<article id=\"post-15446\" class=\"cmsmasters_post_default post-15446 post type-post status-publish format-standard has-post-thumbnail hentry category-conseil\">\n\t<div class=\"cmsmasters_post_cont\">\n\t\t<div class=\"cmsmasters_post_img_wrap\"><div class=\"cmsmasters_post_date_wrap entry-meta \"><span class=\"cmsmasters_post_date custom\"><abbr class=\"published\" title=\"mai 25, 2023\"><span class=\"cmsmasters_day\">25<\/span><span class=\"cmsmasters_mon\">Mai<\/span><span class=\"cmsmasters_year\">2023<\/span><\/abbr><abbr class=\"dn date updated\" title=\"juin 26, 2023\">juin 26, 2023<\/abbr><\/span><\/div><figure class=\"cmsmasters_img_wrap\"><a href=\"https:\/\/geografic.alwaysdata.net\/oruconcept\/index.php\/2023\/05\/25\/les-paillis-mineraux-jolis-mais\/\" title=\"Les paillis min\u00e9raux : jolis mais&#8230;\" class=\"cmsmasters_img_link\"><img loading=\"lazy\" decoding=\"async\" width=\"272\" height=\"185\" src=\"https:\/\/geografic.alwaysdata.net\/oruconcept\/wp-content\/uploads\/2023\/05\/Paillis-mineraux.jpeg\" class=\" wp-post-image\" alt=\"Les paillis min\u00e9raux : jolis mais&#8230;\" title=\"Paillis min\u00e9raux\" \/><\/a><\/figure><\/div><div class=\"cmsmasters_post_content_wrap\"><header class=\"cmsmasters_post_header entry-header\"><h2 class=\"cmsmasters_post_title entry-title\"><a href=\"https:\/\/geografic.alwaysdata.net\/oruconcept\/index.php\/2023\/05\/25\/les-paillis-mineraux-jolis-mais\/\">Les paillis min\u00e9raux : jolis mais&#8230;<\/a><\/h2><\/header><div class=\"cmsmasters_post_content entry-content\">\n<p>Tr\u00e8s \u00e0 la mode pour leur attrait ornemental, les paillis min\u00e9raux sont pourtant \u00e0 limiter. On vous explique pourquoi.<\/p>\n<\/div>\n<footer class=\"cmsmasters_post_footer entry-meta\"><a class=\"cmsmasters_post_read_more\" href=\"https:\/\/geografic.alwaysdata.net\/oruconcept\/index.php\/2023\/05\/25\/les-paillis-mineraux-jolis-mais\/\">Read More<\/a><\/footer><\/div>\t<\/div>\n<\/article>\n<!-- Finish Post Default Article -->\n\n<\/div><div class=\"cmsmasters_wrap_more_posts cmsmasters_wrap_more_items\"><\/div><\/div>\n<\/div><\/div>\n<\/div>\n<\/div>\n<\/div>\n<\/div>\n<\/div>\n<div id=\"cmsmasters_row_muowj3371r\" class=\"cmsmasters_row cmsmasters_color_scheme_default cmsmasters_row_top_default cmsmasters_row_bot_default cmsmasters_row_boxed\">\n<div class=\"cmsmasters_row_outer_parent\">\n<div class=\"cmsmasters_row_outer\">\n<div class=\"cmsmasters_row_inner\">\n<div class=\"cmsmasters_row_margin\">\n<div id=\"cmsmasters_column_qsulpxuhan\" class=\"cmsmasters_column one_first\">\n<div class=\"cmsmasters_column_inner\"><div class=\"cmsmasters_posts_slider cmsmasters_posts_slider_post\" >\n\t\t<div id=\"cmsmasters_slider_p4mz68b54s\" class=\"cmsmasters_owl_slider owl-carousel\" data-items=\"4\" data-single-item=\"false\" data-auto-play=\"5000\" data-pagination=\"false\"><div class=\"cmsmasters_owl_slider_item\"><!-- Start Posts Slider Post Article -->\n<article id=\"post-15446\" class=\"cmsmasters_slider_post post-15446 post type-post status-publish format-standard has-post-thumbnail hentry category-conseil\">\n\t<div class=\"cmsmasters_slider_post_outer\">\n\t<div class=\"cmsmasters_slider_post_img_wrap\"><figure class=\"cmsmasters_img_rollover_wrap preloader\"><img loading=\"lazy\" decoding=\"async\" width=\"272\" height=\"185\" src=\"https:\/\/geografic.alwaysdata.net\/oruconcept\/wp-content\/uploads\/2023\/05\/Paillis-mineraux.jpeg\" class=\"full-width wp-post-image\" alt=\"Les paillis min\u00e9raux : jolis mais&#8230;\" title=\"Paillis min\u00e9raux\" \/><div class=\"cmsmasters_img_rollover\"><a href=\"https:\/\/geografic.alwaysdata.net\/oruconcept\/index.php\/2023\/05\/25\/les-paillis-mineraux-jolis-mais\/\" title=\"Les paillis min\u00e9raux : jolis mais&#8230;\" class=\"cmsmasters_open_link\"><\/a><\/div><\/figure><\/div><div class=\"cmsmasters_slider_post_inner\"><header class=\"cmsmasters_slider_post_header entry-header\"><h3 class=\"cmsmasters_slider_post_title entry-title\"><a href=\"https:\/\/geografic.alwaysdata.net\/oruconcept\/index.php\/2023\/05\/25\/les-paillis-mineraux-jolis-mais\/\">Les paillis min\u00e9raux : jolis mais&#8230;<\/a><\/h3><\/header><footer class=\"cmsmasters_slider_post_footer entry-meta\"><a class=\"cmsmasters_slider_post_read_more\" href=\"https:\/\/geografic.alwaysdata.net\/oruconcept\/index.php\/2023\/05\/25\/les-paillis-mineraux-jolis-mais\/\">Read More<\/a><\/footer><\/div>\t<\/div>\n<\/article>\n<!-- Finish Posts Slider Post Article -->\n\n<\/div><div class=\"cmsmasters_owl_slider_item\"><!-- Start Posts Slider Post Article -->\n<article id=\"post-15354\" class=\"cmsmasters_slider_post post-15354 post type-post status-publish format-standard has-post-thumbnail hentry category-conseil\">\n\t<div class=\"cmsmasters_slider_post_outer\">\n\t<div class=\"cmsmasters_slider_post_img_wrap\"><figure class=\"cmsmasters_img_rollover_wrap preloader\"><img loading=\"lazy\" decoding=\"async\" width=\"294\" height=\"172\" src=\"https:\/\/geografic.alwaysdata.net\/oruconcept\/wp-content\/uploads\/2023\/03\/image-en-avant-perma-1.jpeg\" class=\"full-width wp-post-image\" alt=\"La permaculture c&rsquo;est quoi ?\" title=\"image en avant perma\" \/><div class=\"cmsmasters_img_rollover\"><a href=\"https:\/\/geografic.alwaysdata.net\/oruconcept\/index.php\/2023\/03\/14\/la-permaculture-cest-quoi\/\" title=\"La permaculture c&rsquo;est quoi ?\" class=\"cmsmasters_open_link\"><\/a><\/div><\/figure><\/div><div class=\"cmsmasters_slider_post_inner\"><header class=\"cmsmasters_slider_post_header entry-header\"><h3 class=\"cmsmasters_slider_post_title entry-title\"><a href=\"https:\/\/geografic.alwaysdata.net\/oruconcept\/index.php\/2023\/03\/14\/la-permaculture-cest-quoi\/\">La permaculture c&rsquo;est quoi ?<\/a><\/h3><\/header><footer class=\"cmsmasters_slider_post_footer entry-meta\"><a class=\"cmsmasters_slider_post_read_more\" href=\"https:\/\/geografic.alwaysdata.net\/oruconcept\/index.php\/2023\/03\/14\/la-permaculture-cest-quoi\/\">Lire plus<\/a><\/footer><\/div>\t<\/div>\n<\/article>\n<!-- Finish Posts Slider Post Article -->\n\n<\/div><div class=\"cmsmasters_owl_slider_item\"><!-- Start Posts Slider Post Article -->\n<article id=\"post-15322\" class=\"cmsmasters_slider_post post-15322 post type-post status-publish format-standard has-post-thumbnail hentry category-floraison\">\n\t<div class=\"cmsmasters_slider_post_outer\">\n\t<div class=\"cmsmasters_slider_post_img_wrap\"><figure class=\"cmsmasters_img_rollover_wrap preloader\"><img loading=\"lazy\" decoding=\"async\" width=\"860\" height=\"515\" src=\"https:\/\/geografic.alwaysdata.net\/oruconcept\/wp-content\/uploads\/2023\/03\/IMG_4984-860x515.jpeg\" class=\"full-width wp-post-image\" alt=\"C&rsquo;est le printemps !\" title=\"IMG_4984\" srcset=\"https:\/\/geografic.alwaysdata.net\/oruconcept\/wp-content\/uploads\/2023\/03\/IMG_4984-860x515.jpeg 860w, https:\/\/geografic.alwaysdata.net\/oruconcept\/wp-content\/uploads\/2023\/03\/IMG_4984-1160x695.jpeg 1160w\" sizes=\"auto, (max-width: 860px) 100vw, 860px\" \/><div class=\"cmsmasters_img_rollover\"><a href=\"https:\/\/geografic.alwaysdata.net\/oruconcept\/index.php\/2023\/03\/14\/titrmon-imagee\/\" title=\"C&rsquo;est le printemps !\" class=\"cmsmasters_open_link\"><\/a><\/div><\/figure><\/div><div class=\"cmsmasters_slider_post_inner\"><header class=\"cmsmasters_slider_post_header entry-header\"><h3 class=\"cmsmasters_slider_post_title entry-title\"><a href=\"https:\/\/geografic.alwaysdata.net\/oruconcept\/index.php\/2023\/03\/14\/titrmon-imagee\/\">C&rsquo;est le printemps !<\/a><\/h3><\/header><footer class=\"cmsmasters_slider_post_footer entry-meta\"><a class=\"cmsmasters_slider_post_read_more\" href=\"https:\/\/geografic.alwaysdata.net\/oruconcept\/index.php\/2023\/03\/14\/titrmon-imagee\/\">Lire plus<\/a><\/footer><\/div>\t<\/div>\n<\/article>\n<!-- Finish Posts Slider Post Article -->\n\n<\/div><div class=\"cmsmasters_owl_slider_item\"><!-- Start Posts Slider Post Article -->\n<article id=\"post-15297\" class=\"cmsmasters_slider_post post-15297 post type-post status-publish format-video has-post-thumbnail hentry category-prestations post_format-post-format-video\">\n\t<div class=\"cmsmasters_slider_post_outer\">\n\t<div class=\"cmsmasters_slider_post_img_wrap\"><figure class=\"cmsmasters_img_rollover_wrap preloader\"><img loading=\"lazy\" decoding=\"async\" width=\"640\" height=\"480\" src=\"https:\/\/geografic.alwaysdata.net\/oruconcept\/wp-content\/uploads\/2023\/03\/broyeur-de-vegetaux-gs-cougar.jpg\" class=\"full-width wp-post-image\" alt=\"Le broyage de vos v\u00e9g\u00e9taux\" title=\"broyeur-de-vegetaux-gs-cougar\" srcset=\"https:\/\/geografic.alwaysdata.net\/oruconcept\/wp-content\/uploads\/2023\/03\/broyeur-de-vegetaux-gs-cougar.jpg 640w, https:\/\/geografic.alwaysdata.net\/oruconcept\/wp-content\/uploads\/2023\/03\/broyeur-de-vegetaux-gs-cougar-300x225.jpg 300w, https:\/\/geografic.alwaysdata.net\/oruconcept\/wp-content\/uploads\/2023\/03\/broyeur-de-vegetaux-gs-cougar-580x435.jpg 580w, https:\/\/geografic.alwaysdata.net\/oruconcept\/wp-content\/uploads\/2023\/03\/broyeur-de-vegetaux-gs-cougar-600x450.jpg 600w\" sizes=\"auto, (max-width: 640px) 100vw, 640px\" \/><div class=\"cmsmasters_img_rollover\"><a href=\"https:\/\/geografic.alwaysdata.net\/oruconcept\/index.php\/2023\/03\/09\/le-broyage-de-vos-vegetaux\/\" title=\"Le broyage de vos v\u00e9g\u00e9taux\" class=\"cmsmasters_open_link\"><\/a><\/div><\/figure><\/div><div class=\"cmsmasters_slider_post_inner\"><header class=\"cmsmasters_slider_post_header entry-header\"><h3 class=\"cmsmasters_slider_post_title entry-title\"><a href=\"https:\/\/geografic.alwaysdata.net\/oruconcept\/index.php\/2023\/03\/09\/le-broyage-de-vos-vegetaux\/\">Le broyage de vos v\u00e9g\u00e9taux<\/a><\/h3><\/header><footer class=\"cmsmasters_slider_post_footer entry-meta\"><a class=\"cmsmasters_slider_post_read_more\" href=\"https:\/\/geografic.alwaysdata.net\/oruconcept\/index.php\/2023\/03\/09\/le-broyage-de-vos-vegetaux\/\">Lire plus<\/a><\/footer><\/div>\t<\/div>\n<\/article>\n<!-- Finish Posts Slider Post Article -->\n\n<\/div><\/div><\/div>\n<\/div><\/div>\n<\/div>\n<\/div>\n<\/div>\n<\/div>\n<\/div>\n\n","protected":false},"excerpt":{"rendered":"","protected":false},"author":1,"featured_media":0,"parent":0,"menu_order":0,"comment_status":"closed","ping_status":"closed","template":"","meta":{"footnotes":""},"class_list":["post-11267","page","type-page","status-publish","hentry"],"yoast_head":"<!-- This site is optimized with the Yoast SEO plugin v22.2 - https:\/\/yoast.com\/wordpress\/plugins\/seo\/ -->\n<title>Blog - Oru Concept<\/title>\n<meta name=\"robots\" content=\"index, follow, max-snippet:-1, max-image-preview:large, max-video-preview:-1\" \/>\n<link rel=\"canonical\" href=\"https:\/\/geografic.alwaysdata.net\/oruconcept\/index.php\/blog\/\" \/>\n<meta property=\"og:locale\" content=\"fr_FR\" \/>\n<meta property=\"og:type\" content=\"article\" \/>\n<meta property=\"og:title\" content=\"Blog - Oru Concept\" \/>\n<meta property=\"og:url\" content=\"https:\/\/geografic.alwaysdata.net\/oruconcept\/index.php\/blog\/\" \/>\n<meta property=\"og:site_name\" content=\"Oru Concept\" \/>\n<meta property=\"article:modified_time\" content=\"2022-12-10T15:03:12+00:00\" \/>\n<meta property=\"og:image\" content=\"https:\/\/geografic.alwaysdata.net\/oruconcept\/wp-content\/uploads\/2024\/02\/Logo-couleur1.png\" \/>\n\t<meta property=\"og:image:width\" content=\"300\" \/>\n\t<meta property=\"og:image:height\" content=\"347\" \/>\n\t<meta property=\"og:image:type\" content=\"image\/png\" \/>\n<meta name=\"twitter:card\" content=\"summary_large_image\" \/>\n<meta name=\"twitter:label1\" content=\"Dur\u00e9e de lecture estim\u00e9e\" \/>\n\t<meta name=\"twitter:data1\" content=\"1 minute\" \/>\n<script type=\"application\/ld+json\" class=\"yoast-schema-graph\">{\"@context\":\"https:\/\/schema.org\",\"@graph\":[{\"@type\":\"WebPage\",\"@id\":\"https:\/\/geografic.alwaysdata.net\/oruconcept\/index.php\/blog\/\",\"url\":\"https:\/\/geografic.alwaysdata.net\/oruconcept\/index.php\/blog\/\",\"name\":\"Blog - Oru Concept\",\"isPartOf\":{\"@id\":\"https:\/\/geografic.alwaysdata.net\/oruconcept\/#website\"},\"datePublished\":\"2016-06-13T08:36:18+00:00\",\"dateModified\":\"2022-12-10T15:03:12+00:00\",\"breadcrumb\":{\"@id\":\"https:\/\/geografic.alwaysdata.net\/oruconcept\/index.php\/blog\/#breadcrumb\"},\"inLanguage\":\"fr-FR\",\"potentialAction\":[{\"@type\":\"ReadAction\",\"target\":[\"https:\/\/geografic.alwaysdata.net\/oruconcept\/index.php\/blog\/\"]}]},{\"@type\":\"BreadcrumbList\",\"@id\":\"https:\/\/geografic.alwaysdata.net\/oruconcept\/index.php\/blog\/#breadcrumb\",\"itemListElement\":[{\"@type\":\"ListItem\",\"position\":1,\"name\":\"Home\",\"item\":\"https:\/\/geografic.alwaysdata.net\/oruconcept\/\"},{\"@type\":\"ListItem\",\"position\":2,\"name\":\"Blog\"}]},{\"@type\":\"WebSite\",\"@id\":\"https:\/\/geografic.alwaysdata.net\/oruconcept\/#website\",\"url\":\"https:\/\/geografic.alwaysdata.net\/oruconcept\/\",\"name\":\"Oru Concept\",\"description\":\"Les jardins d&#039;inspirations\",\"publisher\":{\"@id\":\"https:\/\/geografic.alwaysdata.net\/oruconcept\/#organization\"},\"potentialAction\":[{\"@type\":\"SearchAction\",\"target\":{\"@type\":\"EntryPoint\",\"urlTemplate\":\"https:\/\/geografic.alwaysdata.net\/oruconcept\/?s={search_term_string}\"},\"query-input\":\"required name=search_term_string\"}],\"inLanguage\":\"fr-FR\"},{\"@type\":\"Organization\",\"@id\":\"https:\/\/geografic.alwaysdata.net\/oruconcept\/#organization\",\"name\":\"Oru Concept\",\"url\":\"https:\/\/geografic.alwaysdata.net\/oruconcept\/\",\"logo\":{\"@type\":\"ImageObject\",\"inLanguage\":\"fr-FR\",\"@id\":\"https:\/\/geografic.alwaysdata.net\/oruconcept\/#\/schema\/logo\/image\/\",\"url\":\"https:\/\/geografic.alwaysdata.net\/oruconcept\/wp-content\/uploads\/2024\/02\/Logo-couleur1.png\",\"contentUrl\":\"https:\/\/geografic.alwaysdata.net\/oruconcept\/wp-content\/uploads\/2024\/02\/Logo-couleur1.png\",\"width\":300,\"height\":347,\"caption\":\"Oru Concept\"},\"image\":{\"@id\":\"https:\/\/geografic.alwaysdata.net\/oruconcept\/#\/schema\/logo\/image\/\"}}]}<\/script>\n<!-- \/ Yoast SEO plugin. -->","yoast_head_json":{"title":"Blog - Oru Concept","robots":{"index":"index","follow":"follow","max-snippet":"max-snippet:-1","max-image-preview":"max-image-preview:large","max-video-preview":"max-video-preview:-1"},"canonical":"https:\/\/geografic.alwaysdata.net\/oruconcept\/index.php\/blog\/","og_locale":"fr_FR","og_type":"article","og_title":"Blog - Oru Concept","og_url":"https:\/\/geografic.alwaysdata.net\/oruconcept\/index.php\/blog\/","og_site_name":"Oru Concept","article_modified_time":"2022-12-10T15:03:12+00:00","og_image":[{"width":300,"height":347,"url":"https:\/\/geografic.alwaysdata.net\/oruconcept\/wp-content\/uploads\/2024\/02\/Logo-couleur1.png","type":"image\/png"}],"twitter_card":"summary_large_image","twitter_misc":{"Dur\u00e9e de lecture estim\u00e9e":"1 minute"},"schema":{"@context":"https:\/\/schema.org","@graph":[{"@type":"WebPage","@id":"https:\/\/geografic.alwaysdata.net\/oruconcept\/index.php\/blog\/","url":"https:\/\/geografic.alwaysdata.net\/oruconcept\/index.php\/blog\/","name":"Blog - Oru Concept","isPartOf":{"@id":"https:\/\/geografic.alwaysdata.net\/oruconcept\/#website"},"datePublished":"2016-06-13T08:36:18+00:00","dateModified":"2022-12-10T15:03:12+00:00","breadcrumb":{"@id":"https:\/\/geografic.alwaysdata.net\/oruconcept\/index.php\/blog\/#breadcrumb"},"inLanguage":"fr-FR","potentialAction":[{"@type":"ReadAction","target":["https:\/\/geografic.alwaysdata.net\/oruconcept\/index.php\/blog\/"]}]},{"@type":"BreadcrumbList","@id":"https:\/\/geografic.alwaysdata.net\/oruconcept\/index.php\/blog\/#breadcrumb","itemListElement":[{"@type":"ListItem","position":1,"name":"Home","item":"https:\/\/geografic.alwaysdata.net\/oruconcept\/"},{"@type":"ListItem","position":2,"name":"Blog"}]},{"@type":"WebSite","@id":"https:\/\/geografic.alwaysdata.net\/oruconcept\/#website","url":"https:\/\/geografic.alwaysdata.net\/oruconcept\/","name":"Oru Concept","description":"Les jardins d&#039;inspirations","publisher":{"@id":"https:\/\/geografic.alwaysdata.net\/oruconcept\/#organization"},"potentialAction":[{"@type":"SearchAction","target":{"@type":"EntryPoint","urlTemplate":"https:\/\/geografic.alwaysdata.net\/oruconcept\/?s={search_term_string}"},"query-input":"required name=search_term_string"}],"inLanguage":"fr-FR"},{"@type":"Organization","@id":"https:\/\/geografic.alwaysdata.net\/oruconcept\/#organization","name":"Oru Concept","url":"https:\/\/geografic.alwaysdata.net\/oruconcept\/","logo":{"@type":"ImageObject","inLanguage":"fr-FR","@id":"https:\/\/geografic.alwaysdata.net\/oruconcept\/#\/schema\/logo\/image\/","url":"https:\/\/geografic.alwaysdata.net\/oruconcept\/wp-content\/uploads\/2024\/02\/Logo-couleur1.png","contentUrl":"https:\/\/geografic.alwaysdata.net\/oruconcept\/wp-content\/uploads\/2024\/02\/Logo-couleur1.png","width":300,"height":347,"caption":"Oru Concept"},"image":{"@id":"https:\/\/geografic.alwaysdata.net\/oruconcept\/#\/schema\/logo\/image\/"}}]}},"_links":{"self":[{"href":"https:\/\/geografic.alwaysdata.net\/oruconcept\/index.php\/wp-json\/wp\/v2\/pages\/11267","targetHints":{"allow":["GET"]}}],"collection":[{"href":"https:\/\/geografic.alwaysdata.net\/oruconcept\/index.php\/wp-json\/wp\/v2\/pages"}],"about":[{"href":"https:\/\/geografic.alwaysdata.net\/oruconcept\/index.php\/wp-json\/wp\/v2\/types\/page"}],"author":[{"embeddable":true,"href":"https:\/\/geografic.alwaysdata.net\/oruconcept\/index.php\/wp-json\/wp\/v2\/users\/1"}],"replies":[{"embeddable":true,"href":"https:\/\/geografic.alwaysdata.net\/oruconcept\/index.php\/wp-json\/wp\/v2\/comments?post=11267"}],"version-history":[{"count":5,"href":"https:\/\/geografic.alwaysdata.net\/oruconcept\/index.php\/wp-json\/wp\/v2\/pages\/11267\/revisions"}],"predecessor-version":[{"id":14719,"href":"https:\/\/geografic.alwaysdata.net\/oruconcept\/index.php\/wp-json\/wp\/v2\/pages\/11267\/revisions\/14719"}],"wp:attachment":[{"href":"https:\/\/geografic.alwaysdata.net\/oruconcept\/index.php\/wp-json\/wp\/v2\/media?parent=11267"}],"curies":[{"name":"wp","href":"https:\/\/api.w.org\/{rel}","templated":true}]}}