{"id":8946,"date":"2015-12-02T10:17:13","date_gmt":"2015-12-02T10:17:13","guid":{"rendered":"http:\/\/mall.cmsmasters.net\/?page_id=8946"},"modified":"2023-07-02T19:23:14","modified_gmt":"2023-07-02T19:23:14","slug":"services","status":"publish","type":"page","link":"https:\/\/geografic.alwaysdata.net\/oruconcept\/index.php\/services\/","title":{"rendered":"Prestations"},"content":{"rendered":"<div id=\"cmsmasters_row_2ubiv96lj\" class=\"cmsmasters_row cmsmasters_color_scheme_default cmsmasters_row_top_default cmsmasters_row_bot_default cmsmasters_row_boxed\">\n<div class=\"cmsmasters_row_outer_parent\">\n<div class=\"cmsmasters_row_outer\">\n<div class=\"cmsmasters_row_inner\">\n<div class=\"cmsmasters_row_margin\">\n<div id=\"cmsmasters_column_lx58d0dftd\" class=\"cmsmasters_column one_first\">\n<div class=\"cmsmasters_column_inner\"><div id=\"cmsmasters_heading_l3wwwrc5zf\" class=\"cmsmasters_heading_wrap cmsmasters_heading_align_center\">\n\t<h2 class=\"cmsmasters_heading\">Prestations<\/h2>\n<\/div>\n<\/div><\/div>\n<\/div>\n<\/div>\n<\/div>\n<\/div>\n<\/div>\n<div id=\"cmsmasters_row_mvf6kwvdcc\" class=\"cmsmasters_row cmsmasters_color_scheme_default cmsmasters_row_top_default cmsmasters_row_bot_default cmsmasters_row_fullwidth\">\n<div class=\"cmsmasters_row_outer_parent\">\n<div class=\"cmsmasters_row_outer\">\n<div class=\"cmsmasters_row_inner cmsmasters_row_fullwidth\">\n<div class=\"cmsmasters_row_margin\">\n<div id=\"cmsmasters_column_\" class=\"cmsmasters_column one_first\">\n<div class=\"cmsmasters_column_inner\">\n<div id=\"portfolio_u66lio71ye\" class=\"cmsmasters_wrap_portfolio entry-summary\" data-layout=\"puzzle\" data-layout-mode=\"perfect\" data-url=\"https:\/\/geografic.alwaysdata.net\/oruconcept\/wp-content\/plugins\/cmsmasters-content-composer\/\" data-orderby=\"date\" data-order=\"DESC\" data-count=\"12\" data-categories=\"our-projects\" data-metadata=\"title,rollover\"><div class=\"portfolio puzzle small_gap perfect\"><!-- Start Project Puzzle Article -->\n<article id=\"post-15398\" class=\"cmsmasters_project_puzzle one_x_one post-15398 project type-project status-publish format-standard hentry pj-categs-our-projects\" data-category=\"our-projects\">\n\t<div class=\"project_outer rollover\">\n\t<figure class=\"cmsmasters_img_rollover_wrap preloader\"><img loading=\"lazy\" decoding=\"async\" width=\"960\" height=\"540\" src=\"https:\/\/geografic.alwaysdata.net\/oruconcept\/wp-content\/uploads\/2023\/04\/dji-4204796_960_720.jpg\" class=\"full-width\" alt=\"Prise de vue de jardins avec un dr\u00f4ne\" title=\"dji-4204796_960_720\" srcset=\"https:\/\/geografic.alwaysdata.net\/oruconcept\/wp-content\/uploads\/2023\/04\/dji-4204796_960_720.jpg 960w, https:\/\/geografic.alwaysdata.net\/oruconcept\/wp-content\/uploads\/2023\/04\/dji-4204796_960_720-300x169.jpg 300w, https:\/\/geografic.alwaysdata.net\/oruconcept\/wp-content\/uploads\/2023\/04\/dji-4204796_960_720-768x432.jpg 768w, https:\/\/geografic.alwaysdata.net\/oruconcept\/wp-content\/uploads\/2023\/04\/dji-4204796_960_720-580x326.jpg 580w, https:\/\/geografic.alwaysdata.net\/oruconcept\/wp-content\/uploads\/2023\/04\/dji-4204796_960_720-860x484.jpg 860w, https:\/\/geografic.alwaysdata.net\/oruconcept\/wp-content\/uploads\/2023\/04\/dji-4204796_960_720-600x338.jpg 600w\" sizes=\"auto, (max-width: 960px) 100vw, 960px\" \/><div class=\"cmsmasters_img_rollover\"><a href=\"https:\/\/geografic.alwaysdata.net\/oruconcept\/index.php\/project\/prise-de-vue-de-jardins-avec-un-drone\/\" title=\"Prise de vue de jardins avec un dr\u00f4ne\" class=\"cmsmasters_open_link\"><\/a><\/div><\/figure><div class=\"project_inner\"><header class=\"cmsmasters_project_header entry-header\"><h4 class=\"cmsmasters_project_title entry-title\"><a href=\"https:\/\/geografic.alwaysdata.net\/oruconcept\/index.php\/project\/prise-de-vue-de-jardins-avec-un-drone\/\">Prise de vue de jardins avec un dr\u00f4ne<\/a><\/h4><\/header><\/div><span class=\"dn meta-date\">20230408210823<\/span>\t<\/div>\n<\/article>\n<!-- Finish Project Puzzle Article -->\n\n<!-- Start Project Puzzle Article -->\n<article id=\"post-15391\" class=\"cmsmasters_project_puzzle one_x_one post-15391 project type-project status-publish format-standard hentry pj-categs-our-projects\" data-category=\"our-projects\">\n\t<div class=\"project_outer rollover\">\n\t<figure class=\"cmsmasters_img_rollover_wrap preloader\"><img loading=\"lazy\" decoding=\"async\" width=\"275\" height=\"183\" src=\"https:\/\/geografic.alwaysdata.net\/oruconcept\/wp-content\/uploads\/2023\/04\/eau.jpg\" class=\"full-width\" alt=\"Captation et utilisation\" title=\"eau\" \/><div class=\"cmsmasters_img_rollover\"><a href=\"https:\/\/geografic.alwaysdata.net\/oruconcept\/index.php\/project\/recuperation-deau\/\" title=\"Captation et utilisation\" class=\"cmsmasters_open_link\"><\/a><\/div><\/figure><div class=\"project_inner\"><header class=\"cmsmasters_project_header entry-header\"><h4 class=\"cmsmasters_project_title entry-title\"><a href=\"https:\/\/geografic.alwaysdata.net\/oruconcept\/index.php\/project\/recuperation-deau\/\">Captation et utilisation<\/a><\/h4><\/header><\/div><span class=\"dn meta-date\">20230408195801<\/span>\t<\/div>\n<\/article>\n<!-- Finish Project Puzzle Article -->\n\n<!-- Start Project Puzzle Article -->\n<article id=\"post-15388\" class=\"cmsmasters_project_puzzle one_x_one post-15388 project type-project status-publish format-standard hentry pj-categs-our-projects\" data-category=\"our-projects\">\n\t<div class=\"project_outer rollover\">\n\t<figure class=\"cmsmasters_img_rollover_wrap preloader\"><img loading=\"lazy\" decoding=\"async\" width=\"250\" height=\"223\" src=\"https:\/\/geografic.alwaysdata.net\/oruconcept\/wp-content\/uploads\/2023\/04\/Elagage.png\" class=\"full-width\" alt=\"Elagage\" title=\"Elagage\" \/><div class=\"cmsmasters_img_rollover\"><a href=\"https:\/\/geografic.alwaysdata.net\/oruconcept\/index.php\/project\/elagage\/\" title=\"Elagage\" class=\"cmsmasters_open_link\"><\/a><\/div><\/figure><div class=\"project_inner\"><header class=\"cmsmasters_project_header entry-header\"><h4 class=\"cmsmasters_project_title entry-title\"><a href=\"https:\/\/geografic.alwaysdata.net\/oruconcept\/index.php\/project\/elagage\/\">Elagage<\/a><\/h4><\/header><\/div><span class=\"dn meta-date\">20230408195228<\/span>\t<\/div>\n<\/article>\n<!-- Finish Project Puzzle Article -->\n\n<!-- Start Project Puzzle Article -->\n<article id=\"post-14549\" class=\"cmsmasters_project_puzzle one_x_one post-14549 project type-project status-publish format-standard has-post-thumbnail hentry pj-categs-our-projects\" data-category=\"our-projects\">\n\t<div class=\"project_outer rollover\">\n\t<figure class=\"cmsmasters_img_rollover_wrap preloader\"><img loading=\"lazy\" decoding=\"async\" width=\"1575\" height=\"940\" src=\"https:\/\/geografic.alwaysdata.net\/oruconcept\/wp-content\/uploads\/2022\/11\/broyage.jpg\" class=\"full-width\" alt=\"Broyage de v\u00e9g\u00e9taux\" title=\"broyage\" srcset=\"https:\/\/geografic.alwaysdata.net\/oruconcept\/wp-content\/uploads\/2022\/11\/broyage.jpg 1575w, https:\/\/geografic.alwaysdata.net\/oruconcept\/wp-content\/uploads\/2022\/11\/broyage-300x179.jpg 300w, https:\/\/geografic.alwaysdata.net\/oruconcept\/wp-content\/uploads\/2022\/11\/broyage-1024x611.jpg 1024w, https:\/\/geografic.alwaysdata.net\/oruconcept\/wp-content\/uploads\/2022\/11\/broyage-768x458.jpg 768w, https:\/\/geografic.alwaysdata.net\/oruconcept\/wp-content\/uploads\/2022\/11\/broyage-1536x917.jpg 1536w, https:\/\/geografic.alwaysdata.net\/oruconcept\/wp-content\/uploads\/2022\/11\/broyage-580x346.jpg 580w, https:\/\/geografic.alwaysdata.net\/oruconcept\/wp-content\/uploads\/2022\/11\/broyage-860x513.jpg 860w, https:\/\/geografic.alwaysdata.net\/oruconcept\/wp-content\/uploads\/2022\/11\/broyage-1160x692.jpg 1160w, https:\/\/geografic.alwaysdata.net\/oruconcept\/wp-content\/uploads\/2022\/11\/broyage-1320x788.jpg 1320w, https:\/\/geografic.alwaysdata.net\/oruconcept\/wp-content\/uploads\/2022\/11\/broyage-600x358.jpg 600w\" sizes=\"auto, (max-width: 1575px) 100vw, 1575px\" \/><div class=\"cmsmasters_img_rollover\"><a href=\"https:\/\/geografic.alwaysdata.net\/oruconcept\/index.php\/project\/fffff\/\" title=\"Broyage de v\u00e9g\u00e9taux\" class=\"cmsmasters_open_link\"><\/a><\/div><\/figure><div class=\"project_inner\"><header class=\"cmsmasters_project_header entry-header\"><h4 class=\"cmsmasters_project_title entry-title\"><a href=\"https:\/\/geografic.alwaysdata.net\/oruconcept\/index.php\/project\/fffff\/\">Broyage de v\u00e9g\u00e9taux<\/a><\/h4><\/header><\/div><span class=\"dn meta-date\">20221130230612<\/span>\t<\/div>\n<\/article>\n<!-- Finish Project Puzzle Article -->\n\n<!-- Start Project Puzzle Article -->\n<article id=\"post-1596\" class=\"cmsmasters_project_puzzle one_x_one post-1596 project type-project status-publish format-standard has-post-thumbnail hentry pj-categs-features pj-categs-our-projects\" data-category=\"features our-projects\">\n\t<div class=\"project_outer rollover\">\n\t<figure class=\"cmsmasters_img_rollover_wrap preloader\"><img loading=\"lazy\" decoding=\"async\" width=\"250\" height=\"215\" src=\"https:\/\/geografic.alwaysdata.net\/oruconcept\/wp-content\/uploads\/2018\/05\/cloture.png\" class=\"full-width\" alt=\"Installation de cl\u00f4ture v\u00e9g\u00e9talis\u00e9e\" title=\"cloture\" \/><div class=\"cmsmasters_img_rollover\"><a href=\"https:\/\/geografic.alwaysdata.net\/cloture_rapide.mp4\" title=\"Installation de cl\u00f4ture v\u00e9g\u00e9talis\u00e9e\" class=\"cmsmasters_open_link\"><\/a><\/div><\/figure><div class=\"project_inner\"><header class=\"cmsmasters_project_header entry-header\"><h4 class=\"cmsmasters_project_title entry-title\"><a href=\"https:\/\/geografic.alwaysdata.net\/cloture_rapide.mp4\">Installation de cl\u00f4ture v\u00e9g\u00e9talis\u00e9e<\/a><\/h4><\/header><\/div><span class=\"dn meta-date\">20180518130921<\/span>\t<\/div>\n<\/article>\n<!-- Finish Project Puzzle Article -->\n\n<!-- Start Project Puzzle Article -->\n<article id=\"post-619\" class=\"cmsmasters_project_puzzle one_x_one post-619 project type-project status-publish format-standard has-post-thumbnail hentry pj-categs-our-projects\" data-category=\"our-projects\">\n\t<div class=\"project_outer rollover\">\n\t<figure class=\"cmsmasters_img_rollover_wrap preloader\"><img loading=\"lazy\" decoding=\"async\" width=\"276\" height=\"183\" src=\"https:\/\/geografic.alwaysdata.net\/oruconcept\/wp-content\/uploads\/2018\/05\/conception-paysagere-1.jpg\" class=\"full-width\" alt=\"Conception et am\u00e9nagement de jardins\" title=\"conception paysagere\" \/><div class=\"cmsmasters_img_rollover\"><a href=\"https:\/\/geografic.alwaysdata.net\/oruconcept\/index.php\/project\/downtown-elegance\/\" title=\"Conception et am\u00e9nagement de jardins\" class=\"cmsmasters_open_link\"><\/a><\/div><\/figure><div class=\"project_inner\"><header class=\"cmsmasters_project_header entry-header\"><h4 class=\"cmsmasters_project_title entry-title\"><a href=\"https:\/\/geografic.alwaysdata.net\/oruconcept\/index.php\/project\/downtown-elegance\/\">Conception et am\u00e9nagement de jardins<\/a><\/h4><\/header><\/div><span class=\"dn meta-date\">20180513135923<\/span>\t<\/div>\n<\/article>\n<!-- Finish Project Puzzle Article -->\n\n<!-- Start Project Puzzle Article -->\n<article id=\"post-1167\" class=\"cmsmasters_project_puzzle one_x_one post-1167 project type-project status-publish format-standard has-post-thumbnail hentry pj-categs-our-projects\" data-category=\"our-projects\">\n\t<div class=\"project_outer rollover\">\n\t<figure class=\"cmsmasters_img_rollover_wrap preloader\"><img loading=\"lazy\" decoding=\"async\" width=\"262\" height=\"192\" src=\"https:\/\/geografic.alwaysdata.net\/oruconcept\/wp-content\/uploads\/2018\/04\/entretien-couleur-1.jpeg\" class=\"full-width wp-post-image\" alt=\"Entretien de jardin\" title=\"entretien couleur\" \/><div class=\"cmsmasters_img_rollover\"><a href=\"https:\/\/geografic.alwaysdata.net\/oruconcept\/index.php\/project\/fun-filled-yard\/\" title=\"Entretien de jardin\" class=\"cmsmasters_open_link\"><\/a><\/div><\/figure><div class=\"project_inner\"><header class=\"cmsmasters_project_header entry-header\"><h4 class=\"cmsmasters_project_title entry-title\"><a href=\"https:\/\/geografic.alwaysdata.net\/oruconcept\/index.php\/project\/fun-filled-yard\/\">Entretien de jardin<\/a><\/h4><\/header><\/div><span class=\"dn meta-date\">20180430143428<\/span>\t<\/div>\n<\/article>\n<!-- Finish Project Puzzle Article -->\n\n<!-- Start Project Puzzle Article -->\n<article id=\"post-1155\" class=\"cmsmasters_project_puzzle one_x_one post-1155 project type-project status-publish format-standard hentry pj-categs-our-projects\" data-category=\"our-projects\">\n\t<div class=\"project_outer rollover\">\n\t<figure class=\"cmsmasters_img_rollover_wrap preloader\"><img loading=\"lazy\" decoding=\"async\" width=\"225\" height=\"225\" src=\"https:\/\/geografic.alwaysdata.net\/oruconcept\/wp-content\/uploads\/2018\/04\/irrigations.jpg\" class=\"full-width\" alt=\"Installation d&rsquo;arrosage gouttes \u00e0 gouttes\" title=\"irrigations\" srcset=\"https:\/\/geografic.alwaysdata.net\/oruconcept\/wp-content\/uploads\/2018\/04\/irrigations.jpg 225w, https:\/\/geografic.alwaysdata.net\/oruconcept\/wp-content\/uploads\/2018\/04\/irrigations-150x150.jpg 150w, https:\/\/geografic.alwaysdata.net\/oruconcept\/wp-content\/uploads\/2018\/04\/irrigations-180x180.jpg 180w, https:\/\/geografic.alwaysdata.net\/oruconcept\/wp-content\/uploads\/2018\/04\/irrigations-100x100.jpg 100w\" sizes=\"auto, (max-width: 225px) 100vw, 225px\" \/><div class=\"cmsmasters_img_rollover\"><a href=\"https:\/\/geografic.alwaysdata.net\/oruconcept\/index.php\/project\/cottage-in-the-city\/\" title=\"Installation d&rsquo;arrosage gouttes \u00e0 gouttes\" class=\"cmsmasters_open_link\"><\/a><\/div><\/figure><div class=\"project_inner\"><header class=\"cmsmasters_project_header entry-header\"><h4 class=\"cmsmasters_project_title entry-title\"><a href=\"https:\/\/geografic.alwaysdata.net\/oruconcept\/index.php\/project\/cottage-in-the-city\/\">Installation d&rsquo;arrosage gouttes \u00e0 gouttes<\/a><\/h4><\/header><\/div><span class=\"dn meta-date\">20180425192113<\/span>\t<\/div>\n<\/article>\n<!-- Finish Project Puzzle Article -->\n\n<\/div><\/div>\n<\/div><\/div>\n<\/div>\n<\/div>\n<\/div>\n<\/div>\n<\/div>\n\n","protected":false},"excerpt":{"rendered":"","protected":false},"author":1,"featured_media":0,"parent":0,"menu_order":0,"comment_status":"closed","ping_status":"closed","template":"","meta":{"footnotes":""},"class_list":["post-8946","page","type-page","status-publish","hentry"],"yoast_head":"<!-- This site is optimized with the Yoast SEO plugin v22.2 - https:\/\/yoast.com\/wordpress\/plugins\/seo\/ -->\n<title>Prestations - Oru Concept<\/title>\n<meta name=\"robots\" content=\"index, follow, max-snippet:-1, max-image-preview:large, max-video-preview:-1\" \/>\n<link rel=\"canonical\" href=\"https:\/\/geografic.alwaysdata.net\/oruconcept\/index.php\/services\/\" \/>\n<meta property=\"og:locale\" content=\"fr_FR\" \/>\n<meta property=\"og:type\" content=\"article\" \/>\n<meta property=\"og:title\" content=\"Prestations - Oru Concept\" \/>\n<meta property=\"og:url\" content=\"https:\/\/geografic.alwaysdata.net\/oruconcept\/index.php\/services\/\" \/>\n<meta property=\"og:site_name\" content=\"Oru Concept\" \/>\n<meta property=\"article:modified_time\" content=\"2023-07-02T19:23:14+00:00\" \/>\n<meta property=\"og:image\" content=\"https:\/\/geografic.alwaysdata.net\/oruconcept\/wp-content\/uploads\/2024\/02\/Logo-couleur1.png\" \/>\n\t<meta property=\"og:image:width\" content=\"300\" \/>\n\t<meta property=\"og:image:height\" content=\"347\" \/>\n\t<meta property=\"og:image:type\" content=\"image\/png\" \/>\n<meta name=\"twitter:card\" content=\"summary_large_image\" \/>\n<meta name=\"twitter:label1\" content=\"Dur\u00e9e de lecture estim\u00e9e\" \/>\n\t<meta name=\"twitter:data1\" content=\"1 minute\" \/>\n<script type=\"application\/ld+json\" class=\"yoast-schema-graph\">{\"@context\":\"https:\/\/schema.org\",\"@graph\":[{\"@type\":\"WebPage\",\"@id\":\"https:\/\/geografic.alwaysdata.net\/oruconcept\/index.php\/services\/\",\"url\":\"https:\/\/geografic.alwaysdata.net\/oruconcept\/index.php\/services\/\",\"name\":\"Prestations - Oru Concept\",\"isPartOf\":{\"@id\":\"https:\/\/geografic.alwaysdata.net\/oruconcept\/#website\"},\"datePublished\":\"2015-12-02T10:17:13+00:00\",\"dateModified\":\"2023-07-02T19:23:14+00:00\",\"breadcrumb\":{\"@id\":\"https:\/\/geografic.alwaysdata.net\/oruconcept\/index.php\/services\/#breadcrumb\"},\"inLanguage\":\"fr-FR\",\"potentialAction\":[{\"@type\":\"ReadAction\",\"target\":[\"https:\/\/geografic.alwaysdata.net\/oruconcept\/index.php\/services\/\"]}]},{\"@type\":\"BreadcrumbList\",\"@id\":\"https:\/\/geografic.alwaysdata.net\/oruconcept\/index.php\/services\/#breadcrumb\",\"itemListElement\":[{\"@type\":\"ListItem\",\"position\":1,\"name\":\"Home\",\"item\":\"https:\/\/geografic.alwaysdata.net\/oruconcept\/\"},{\"@type\":\"ListItem\",\"position\":2,\"name\":\"Prestations\"}]},{\"@type\":\"WebSite\",\"@id\":\"https:\/\/geografic.alwaysdata.net\/oruconcept\/#website\",\"url\":\"https:\/\/geografic.alwaysdata.net\/oruconcept\/\",\"name\":\"Oru Concept\",\"description\":\"Les jardins d&#039;inspirations\",\"publisher\":{\"@id\":\"https:\/\/geografic.alwaysdata.net\/oruconcept\/#organization\"},\"potentialAction\":[{\"@type\":\"SearchAction\",\"target\":{\"@type\":\"EntryPoint\",\"urlTemplate\":\"https:\/\/geografic.alwaysdata.net\/oruconcept\/?s={search_term_string}\"},\"query-input\":\"required name=search_term_string\"}],\"inLanguage\":\"fr-FR\"},{\"@type\":\"Organization\",\"@id\":\"https:\/\/geografic.alwaysdata.net\/oruconcept\/#organization\",\"name\":\"Oru Concept\",\"url\":\"https:\/\/geografic.alwaysdata.net\/oruconcept\/\",\"logo\":{\"@type\":\"ImageObject\",\"inLanguage\":\"fr-FR\",\"@id\":\"https:\/\/geografic.alwaysdata.net\/oruconcept\/#\/schema\/logo\/image\/\",\"url\":\"https:\/\/geografic.alwaysdata.net\/oruconcept\/wp-content\/uploads\/2024\/02\/Logo-couleur1.png\",\"contentUrl\":\"https:\/\/geografic.alwaysdata.net\/oruconcept\/wp-content\/uploads\/2024\/02\/Logo-couleur1.png\",\"width\":300,\"height\":347,\"caption\":\"Oru Concept\"},\"image\":{\"@id\":\"https:\/\/geografic.alwaysdata.net\/oruconcept\/#\/schema\/logo\/image\/\"}}]}<\/script>\n<!-- \/ Yoast SEO plugin. -->","yoast_head_json":{"title":"Prestations - Oru Concept","robots":{"index":"index","follow":"follow","max-snippet":"max-snippet:-1","max-image-preview":"max-image-preview:large","max-video-preview":"max-video-preview:-1"},"canonical":"https:\/\/geografic.alwaysdata.net\/oruconcept\/index.php\/services\/","og_locale":"fr_FR","og_type":"article","og_title":"Prestations - Oru Concept","og_url":"https:\/\/geografic.alwaysdata.net\/oruconcept\/index.php\/services\/","og_site_name":"Oru Concept","article_modified_time":"2023-07-02T19:23:14+00:00","og_image":[{"width":300,"height":347,"url":"https:\/\/geografic.alwaysdata.net\/oruconcept\/wp-content\/uploads\/2024\/02\/Logo-couleur1.png","type":"image\/png"}],"twitter_card":"summary_large_image","twitter_misc":{"Dur\u00e9e de lecture estim\u00e9e":"1 minute"},"schema":{"@context":"https:\/\/schema.org","@graph":[{"@type":"WebPage","@id":"https:\/\/geografic.alwaysdata.net\/oruconcept\/index.php\/services\/","url":"https:\/\/geografic.alwaysdata.net\/oruconcept\/index.php\/services\/","name":"Prestations - Oru Concept","isPartOf":{"@id":"https:\/\/geografic.alwaysdata.net\/oruconcept\/#website"},"datePublished":"2015-12-02T10:17:13+00:00","dateModified":"2023-07-02T19:23:14+00:00","breadcrumb":{"@id":"https:\/\/geografic.alwaysdata.net\/oruconcept\/index.php\/services\/#breadcrumb"},"inLanguage":"fr-FR","potentialAction":[{"@type":"ReadAction","target":["https:\/\/geografic.alwaysdata.net\/oruconcept\/index.php\/services\/"]}]},{"@type":"BreadcrumbList","@id":"https:\/\/geografic.alwaysdata.net\/oruconcept\/index.php\/services\/#breadcrumb","itemListElement":[{"@type":"ListItem","position":1,"name":"Home","item":"https:\/\/geografic.alwaysdata.net\/oruconcept\/"},{"@type":"ListItem","position":2,"name":"Prestations"}]},{"@type":"WebSite","@id":"https:\/\/geografic.alwaysdata.net\/oruconcept\/#website","url":"https:\/\/geografic.alwaysdata.net\/oruconcept\/","name":"Oru Concept","description":"Les jardins d&#039;inspirations","publisher":{"@id":"https:\/\/geografic.alwaysdata.net\/oruconcept\/#organization"},"potentialAction":[{"@type":"SearchAction","target":{"@type":"EntryPoint","urlTemplate":"https:\/\/geografic.alwaysdata.net\/oruconcept\/?s={search_term_string}"},"query-input":"required name=search_term_string"}],"inLanguage":"fr-FR"},{"@type":"Organization","@id":"https:\/\/geografic.alwaysdata.net\/oruconcept\/#organization","name":"Oru Concept","url":"https:\/\/geografic.alwaysdata.net\/oruconcept\/","logo":{"@type":"ImageObject","inLanguage":"fr-FR","@id":"https:\/\/geografic.alwaysdata.net\/oruconcept\/#\/schema\/logo\/image\/","url":"https:\/\/geografic.alwaysdata.net\/oruconcept\/wp-content\/uploads\/2024\/02\/Logo-couleur1.png","contentUrl":"https:\/\/geografic.alwaysdata.net\/oruconcept\/wp-content\/uploads\/2024\/02\/Logo-couleur1.png","width":300,"height":347,"caption":"Oru Concept"},"image":{"@id":"https:\/\/geografic.alwaysdata.net\/oruconcept\/#\/schema\/logo\/image\/"}}]}},"_links":{"self":[{"href":"https:\/\/geografic.alwaysdata.net\/oruconcept\/index.php\/wp-json\/wp\/v2\/pages\/8946","targetHints":{"allow":["GET"]}}],"collection":[{"href":"https:\/\/geografic.alwaysdata.net\/oruconcept\/index.php\/wp-json\/wp\/v2\/pages"}],"about":[{"href":"https:\/\/geografic.alwaysdata.net\/oruconcept\/index.php\/wp-json\/wp\/v2\/types\/page"}],"author":[{"embeddable":true,"href":"https:\/\/geografic.alwaysdata.net\/oruconcept\/index.php\/wp-json\/wp\/v2\/users\/1"}],"replies":[{"embeddable":true,"href":"https:\/\/geografic.alwaysdata.net\/oruconcept\/index.php\/wp-json\/wp\/v2\/comments?post=8946"}],"version-history":[{"count":84,"href":"https:\/\/geografic.alwaysdata.net\/oruconcept\/index.php\/wp-json\/wp\/v2\/pages\/8946\/revisions"}],"predecessor-version":[{"id":15456,"href":"https:\/\/geografic.alwaysdata.net\/oruconcept\/index.php\/wp-json\/wp\/v2\/pages\/8946\/revisions\/15456"}],"wp:attachment":[{"href":"https:\/\/geografic.alwaysdata.net\/oruconcept\/index.php\/wp-json\/wp\/v2\/media?parent=8946"}],"curies":[{"name":"wp","href":"https:\/\/api.w.org\/{rel}","templated":true}]}}